{"id":59,"date":"2021-05-24T02:32:30","date_gmt":"2021-05-24T00:32:30","guid":{"rendered":"https:\/\/www.lessixties.fr\/?page_id=59"},"modified":"2021-05-24T13:20:05","modified_gmt":"2021-05-24T11:20:05","slug":"spectacles","status":"publish","type":"page","link":"https:\/\/www.lessixties.fr\/index.php\/spectacles\/","title":{"rendered":"Prestations"},"content":{"rendered":"\n<p>Nous proposons des spectacles sur mesure, selon vos besoins et votre budget.<br>N&#8217;h\u00e9sitez pas \u00e0 nous consulter.<\/p>\n\n\n\n<p><strong><span class=\"has-inline-color has-neve-link-hover-color-color\">Spectacles ROCK&#8217;n ROLL, SWING, animations Madison, &#8230;<\/span><\/strong><\/p>\n\n\n\n<p><strong><span class=\"has-inline-color has-neve-link-hover-color-color\">Spectacles LATINO &#8211; Salsa, Bachata, Merengue, &#8230;<\/span><\/strong><\/p>\n\n\n\n<p><strong><span class=\"has-inline-color has-neve-link-hover-color-color\">Stages de pr\u00e9paration au mariage : ouverture de bal, chor\u00e9graphies, animations, &#8230;<\/span><\/strong><\/p>\n\n\n\n<p><span class=\"has-inline-color has-neve-link-hover-color-color\"><strong>Cours particuliers (solo ou en groupe)<\/strong> <\/span><\/p>\n\n\n\n<p><strong><span class=\"has-inline-color has-neve-link-hover-color-color\">Formules Comit\u00e9s d&#8217;Entreprise<\/span><\/strong><\/p>\n\n\n\n<p><\/p>\n","protected":false},"excerpt":{"rendered":"<p>Nous proposons des spectacles sur mesure, selon vos besoins et votre budget.N&#8217;h\u00e9sitez pas \u00e0 nous consulter. Spectacles ROCK&#8217;n ROLL, SWING, animations Madison, &#8230; Spectacles LATINO &#8211; Salsa, Bachata, Merengue, &#8230; Stages de pr\u00e9paration au mariage : ouverture de bal, chor\u00e9graphies, animations, &#8230; Cours particuliers (solo ou en groupe) Formules Comit\u00e9s d&#8217;Entreprise<\/p>\n","protected":false},"author":1,"featured_media":0,"parent":0,"menu_order":0,"comment_status":"closed","ping_status":"closed","template":"","meta":{"neve_meta_sidebar":"full-width","neve_meta_container":"","neve_meta_enable_content_width":"on","neve_meta_content_width":100,"neve_meta_title_alignment":"","neve_meta_author_avatar":"","neve_post_elements_order":"","neve_meta_disable_header":"","neve_meta_disable_footer":"","neve_meta_disable_title":""},"_links":{"self":[{"href":"https:\/\/www.lessixties.fr\/index.php\/wp-json\/wp\/v2\/pages\/59"}],"collection":[{"href":"https:\/\/www.lessixties.fr\/index.php\/wp-json\/wp\/v2\/pages"}],"about":[{"href":"https:\/\/www.lessixties.fr\/index.php\/wp-json\/wp\/v2\/types\/page"}],"author":[{"embeddable":true,"href":"https:\/\/www.lessixties.fr\/index.php\/wp-json\/wp\/v2\/users\/1"}],"replies":[{"embeddable":true,"href":"https:\/\/www.lessixties.fr\/index.php\/wp-json\/wp\/v2\/comments?post=59"}],"version-history":[{"count":11,"href":"https:\/\/www.lessixties.fr\/index.php\/wp-json\/wp\/v2\/pages\/59\/revisions"}],"predecessor-version":[{"id":132,"href":"https:\/\/www.lessixties.fr\/index.php\/wp-json\/wp\/v2\/pages\/59\/revisions\/132"}],"wp:attachment":[{"href":"https:\/\/www.lessixties.fr\/index.php\/wp-json\/wp\/v2\/media?parent=59"}],"curies":[{"name":"wp","href":"https:\/\/api.w.org\/{rel}","templated":true}]}}