{"id":14,"date":"2021-05-16T11:45:26","date_gmt":"2021-05-16T09:45:26","guid":{"rendered":"https:\/\/www.lessixties.fr\/?page_id=14"},"modified":"2021-11-30T20:57:37","modified_gmt":"2021-11-30T19:57:37","slug":"cours","status":"publish","type":"page","link":"https:\/\/www.lessixties.fr\/index.php\/cours\/","title":{"rendered":"Cours"},"content":{"rendered":"\n<p><em><strong>En raison de la crise sanitaire, nos cours sont suspendus jusqu\u2019\u00e0 nouvel ordre.\u00a0<\/strong><br><strong>En attendant, prenez bien soin de vous.<\/strong><\/em><\/p>\n\n\n\n<p>Pour chacune de nos disciplines, plusieurs niveaux de cours sont \u00e0 votre disposition, du niveau D\u00e9butant (\u00e9l\u00e8ves n&#8217;ayant jamais suivi de cours ou ayant besoin de perfectionnement) au niveau Confirm\u00e9 (\u00e9l\u00e8ves avec plusieurs ann\u00e9es d&#8217;exp\u00e9rience).<br><strong>Veillez \u00e0 faire confirmer votre niveau par votre professeur.<\/strong><br>Pour les jours et horaires, consultez notre <a href=\"https:\/\/www.lessixties.fr\/index.php\/planning\/\" data-type=\"URL\" data-id=\"https:\/\/www.lessixties.fr\/index.php\/planning\/\">planning<\/a>. <\/p>\n\n\n\n<p><strong><span class=\"has-inline-color has-neve-link-hover-color-color\">ROCK&#8217;n ROLL<\/span><\/strong><\/p>\n\n\n\n<ul><li>3 Niveaux de cours : d\u00e9butants, interm\u00e9diaires et confirm\u00e9s, experts<\/li><li>Chor\u00e9graphies de spectacle au niveau &#8220;Experts&#8221;<\/li><li>Stages de perfectionnement, musicalit\u00e9 et technicit\u00e9<\/li><li>Soir\u00e9es &#8211; Animations &#8211; Sorties<\/li><\/ul>\n","protected":false},"excerpt":{"rendered":"<p>En raison de la crise sanitaire, nos cours sont suspendus jusqu\u2019\u00e0 nouvel ordre.\u00a0En attendant, prenez bien soin de vous. Pour chacune de nos disciplines, plusieurs niveaux de cours sont \u00e0 votre disposition, du niveau D\u00e9butant (\u00e9l\u00e8ves n&#8217;ayant jamais suivi de cours ou ayant besoin de perfectionnement) au niveau Confirm\u00e9 (\u00e9l\u00e8ves avec plusieurs ann\u00e9es d&#8217;exp\u00e9rience).Veillez \u00e0&hellip;&nbsp;<a href=\"https:\/\/www.lessixties.fr\/index.php\/cours\/\" class=\"\" rel=\"bookmark\">Read More &raquo;<span class=\"screen-reader-text\">Cours<\/span><\/a><\/p>\n","protected":false},"author":1,"featured_media":0,"parent":0,"menu_order":0,"comment_status":"closed","ping_status":"closed","template":"","meta":{"neve_meta_sidebar":"","neve_meta_container":"","neve_meta_enable_content_width":"","neve_meta_content_width":0,"neve_meta_title_alignment":"","neve_meta_author_avatar":"","neve_post_elements_order":"","neve_meta_disable_header":"","neve_meta_disable_footer":"","neve_meta_disable_title":""},"_links":{"self":[{"href":"https:\/\/www.lessixties.fr\/index.php\/wp-json\/wp\/v2\/pages\/14"}],"collection":[{"href":"https:\/\/www.lessixties.fr\/index.php\/wp-json\/wp\/v2\/pages"}],"about":[{"href":"https:\/\/www.lessixties.fr\/index.php\/wp-json\/wp\/v2\/types\/page"}],"author":[{"embeddable":true,"href":"https:\/\/www.lessixties.fr\/index.php\/wp-json\/wp\/v2\/users\/1"}],"replies":[{"embeddable":true,"href":"https:\/\/www.lessixties.fr\/index.php\/wp-json\/wp\/v2\/comments?post=14"}],"version-history":[{"count":10,"href":"https:\/\/www.lessixties.fr\/index.php\/wp-json\/wp\/v2\/pages\/14\/revisions"}],"predecessor-version":[{"id":181,"href":"https:\/\/www.lessixties.fr\/index.php\/wp-json\/wp\/v2\/pages\/14\/revisions\/181"}],"wp:attachment":[{"href":"https:\/\/www.lessixties.fr\/index.php\/wp-json\/wp\/v2\/media?parent=14"}],"curies":[{"name":"wp","href":"https:\/\/api.w.org\/{rel}","templated":true}]}}