{"id":11,"date":"2021-05-16T11:45:26","date_gmt":"2021-05-16T09:45:26","guid":{"rendered":"https:\/\/www.lessixties.fr\/?page_id=11"},"modified":"2021-05-24T13:18:31","modified_gmt":"2021-05-24T11:18:31","slug":"tarifs","status":"publish","type":"page","link":"https:\/\/www.lessixties.fr\/index.php\/tarifs\/","title":{"rendered":"Tarifs"},"content":{"rendered":"\n<p><strong><span class=\"has-inline-color has-neve-link-hover-color-color\">Tarifs d\u00e9gressifs et facilit\u00e9s de paiement. Annuit\u00e9 moyenne : 160\u20ac<\/span><\/strong><br><strong>1 cours d&#8217;essai gratuit<\/strong> la semaine de la reprise des cours. <br><em>Pensez \u00e0 r\u00e9server votre place par email.<\/em><\/p>\n","protected":false},"excerpt":{"rendered":"<p>Tarifs d\u00e9gressifs et facilit\u00e9s de paiement. Annuit\u00e9 moyenne : 160\u20ac1 cours d&#8217;essai gratuit la semaine de la reprise des cours. Pensez \u00e0 r\u00e9server votre place par email.<\/p>\n","protected":false},"author":1,"featured_media":0,"parent":0,"menu_order":0,"comment_status":"closed","ping_status":"closed","template":"","meta":{"neve_meta_sidebar":"","neve_meta_container":"","neve_meta_enable_content_width":"","neve_meta_content_width":0,"neve_meta_title_alignment":"","neve_meta_author_avatar":"","neve_post_elements_order":"","neve_meta_disable_header":"","neve_meta_disable_footer":"","neve_meta_disable_title":""},"_links":{"self":[{"href":"https:\/\/www.lessixties.fr\/index.php\/wp-json\/wp\/v2\/pages\/11"}],"collection":[{"href":"https:\/\/www.lessixties.fr\/index.php\/wp-json\/wp\/v2\/pages"}],"about":[{"href":"https:\/\/www.lessixties.fr\/index.php\/wp-json\/wp\/v2\/types\/page"}],"author":[{"embeddable":true,"href":"https:\/\/www.lessixties.fr\/index.php\/wp-json\/wp\/v2\/users\/1"}],"replies":[{"embeddable":true,"href":"https:\/\/www.lessixties.fr\/index.php\/wp-json\/wp\/v2\/comments?post=11"}],"version-history":[{"count":7,"href":"https:\/\/www.lessixties.fr\/index.php\/wp-json\/wp\/v2\/pages\/11\/revisions"}],"predecessor-version":[{"id":129,"href":"https:\/\/www.lessixties.fr\/index.php\/wp-json\/wp\/v2\/pages\/11\/revisions\/129"}],"wp:attachment":[{"href":"https:\/\/www.lessixties.fr\/index.php\/wp-json\/wp\/v2\/media?parent=11"}],"curies":[{"name":"wp","href":"https:\/\/api.w.org\/{rel}","templated":true}]}}